{"id":21,"date":"2022-04-25T07:29:03","date_gmt":"2022-04-25T07:29:03","guid":{"rendered":"https:\/\/luctor-et-emergo.de\/?page_id=21"},"modified":"2022-08-31T14:12:54","modified_gmt":"2022-08-31T14:12:54","slug":"qi-gong","status":"publish","type":"page","link":"https:\/\/luctor-et-emergo.de\/?page_id=21","title":{"rendered":"Qi Gong"},"content":{"rendered":"\n<h2 class=\"wp-block-heading\">Qi Gong<\/h2>\n\n\n\n<p>Der Begriff Qi Gong besteht einerseits aus Qi, der Energie, und Gong, der Arbeit, und ist damit ein sehr geradliniger Begriff: Er beschreibt sowohl, was es zu erlangen gibt als auch, was wir daf\u00fcr zu investieren haben.<\/p>\n\n\n\n<p>Das Qi ist das, was uns Kraft gibt, uns gesund und vital h\u00e4lt, was uns durchstr\u00f6mt, und uns durch diesen Flu\u00df auch mit allem und allen verbindet. Mit anderen Worten: Das Qi ist das, was alle haben wollen, deshalb sind auch schon so viele Worte dar\u00fcber gesagt und geschrieben worden.<\/p>\n\n\n\n<p>Nur leider bringen uns Worte und W\u00fcnsche dem Qi nicht n\u00e4her, und so zeigt uns das Qi Gong stattdessen einen konkreten Weg auf, es zeigt uns, was zu <em>tun<\/em> ist, wie unsere heutige Arbeit am Qi aussieht. Man muss nichts denken, nichts wissen, nichts w\u00fcnschen, nur bereit sein, best\u00e4ndig immer wieder etwas daf\u00fcr zu <em>tun<\/em>.<\/p>\n\n\n\n<p>Damit man das auch tats\u00e4chlich <em>tun<\/em> kann &#8211; und nicht die Gefahr besteht, dass aus einer \u00dcbungspraxis eine &#8222;Philosophie&#8220; wird, beginnen die \u00dcbungen des Qi Gong ganz einfach dort, wozu wir zumindest noch einen groben Bezug haben, n\u00e4mlich au\u00dfen an unserem materiellen K\u00f6rper, und werden dann ganz allm\u00e4hlich in dem Ma\u00dfe feiner, in dem auch unser Gesp\u00fcr sich weiterentwickelt. Es geht nicht um fernliegende Ziele, sondern f\u00fcr jeden einzelnen immer um den n\u00e4chsten Schritt, von genau dort aus, wo er steht.<\/p>\n\n\n\n<p>Wir m\u00f6gen krank sein, oder traurig, oder mut- oder kraftlos, das Qi Gong zeigt uns, was wir <em>heute<\/em> und <em>hier<\/em> zu tun haben, damit es zumindest ein kleines bisschen besser wird.<\/p>\n\n\n\n<p>Und blickt man dann viel sp\u00e4ter einmal zuf\u00e4llig zur\u00fcck, so ist man erstaunt, was f\u00fcr eine unglaubliche Strecke sich doch aus so vielen kleinen Schritten ergeben kann.<\/p>\n","protected":false},"excerpt":{"rendered":"<p>Qi Gong Der Begriff Qi Gong besteht einerseits aus Qi, der Energie, und Gong, der Arbeit, und ist damit ein sehr geradliniger Begriff: Er beschreibt sowohl, was es zu erlangen gibt als auch, was wir daf\u00fcr zu investieren haben. Das Qi ist das, was uns Kraft gibt, uns gesund und vital h\u00e4lt, was uns durchstr\u00f6mt, [&hellip;]<\/p>\n","protected":false},"author":1,"featured_media":0,"parent":0,"menu_order":0,"comment_status":"closed","ping_status":"closed","template":"","meta":{"footnotes":""},"class_list":["post-21","page","type-page","status-publish","hentry"],"_links":{"self":[{"href":"https:\/\/luctor-et-emergo.de\/index.php?rest_route=\/wp\/v2\/pages\/21","targetHints":{"allow":["GET"]}}],"collection":[{"href":"https:\/\/luctor-et-emergo.de\/index.php?rest_route=\/wp\/v2\/pages"}],"about":[{"href":"https:\/\/luctor-et-emergo.de\/index.php?rest_route=\/wp\/v2\/types\/page"}],"author":[{"embeddable":true,"href":"https:\/\/luctor-et-emergo.de\/index.php?rest_route=\/wp\/v2\/users\/1"}],"replies":[{"embeddable":true,"href":"https:\/\/luctor-et-emergo.de\/index.php?rest_route=%2Fwp%2Fv2%2Fcomments&post=21"}],"version-history":[{"count":14,"href":"https:\/\/luctor-et-emergo.de\/index.php?rest_route=\/wp\/v2\/pages\/21\/revisions"}],"predecessor-version":[{"id":149,"href":"https:\/\/luctor-et-emergo.de\/index.php?rest_route=\/wp\/v2\/pages\/21\/revisions\/149"}],"wp:attachment":[{"href":"https:\/\/luctor-et-emergo.de\/index.php?rest_route=%2Fwp%2Fv2%2Fmedia&parent=21"}],"curies":[{"name":"wp","href":"https:\/\/api.w.org\/{rel}","templated":true}]}}